{"id":1009,"date":"2018-01-08T16:01:30","date_gmt":"2018-01-08T16:01:30","guid":{"rendered":"http:\/\/5labs.si\/shop\/?page_id=1009"},"modified":"2025-09-10T14:54:37","modified_gmt":"2025-09-10T14:54:37","slug":"splosni-pogoji-poslovanja","status":"publish","type":"page","link":"http:\/\/5labs.vigred.eu\/?page_id=1009","title":{"rendered":"Splo\u0161ni pogoji poslovanja"},"content":{"rendered":"<div id=\"pl-1009\"  class=\"panel-layout\" ><div id=\"pg-1009-0\"  class=\"panel-grid panel-no-style\" ><div id=\"pgc-1009-0-0\"  class=\"panel-grid-cell\" ><div id=\"panel-1009-0-0-0\" class=\"so-panel widget widget_text panel-first-child panel-last-child\" data-index=\"0\" >\t\t\t<div class=\"textwidget\"><div class=\"m_-4474257620444397668page-title\">\n<h2>Obseg veljavnosti splo\u0161nih pogojev dru\u017ebe 5Labs d.o.o.<\/h2>\n<ul>\n<li>Ti splo\u0161ni pogoji prodaje in dobave blaga in storitev dru\u017ebe 5Labs d.o.o. (v nadaljevanju &#8220;Splo\u0161ni pogoji&#8221;) opredeljujejo postopke dru\u017ebe 5Labs d.o.o. za prodajo in dobavo merilnih opreme (merilni stroji in naprave), zagotavljanje storitev (kot so kalibracija, servisiranje, usposabljanje) ter za sorodna vpra\u0161anja in zadeve.<\/li>\n<li>Razen, \u010de se izrecno dogovorimo druga\u010de, slede\u010di Splo\u0161ni pogoji veljajo za vse pogodbene obveznosti, ki nastanejo od dne za\u010detka veljavnosti teh Splo\u0161nih pogojev. Na\u0161a dobava in storitve se izvajajo in na\u0161e ponudbe dajejo samo na podlagi teh Splo\u0161nih pogojev. \u0160teje se, da se kupec strinja z njimi in da ga zavezujejo najkasneje ob prejemu na\u0161e ponudbe, na kateri je navedeno, kje se Splo\u0161ni pogoji nahajajo.<\/li>\n<li><strong>Izrecno ugovarjamo veljavnosti kakr\u0161nihkoli splo\u0161nih pogojev kupca. To velja tudi v primeru, da se kupec v naro\u010dilu ali na kakr\u0161enkoli drug na\u010din sklicuje na svoje splo\u0161ne pogoje ali na druge pogoje.<\/strong><\/li>\n<li>Brez na\u0161e pisne odobritve ni veljavno nobeno odstopanje od na\u0161ih Splo\u0161nih pogojev.<\/li>\n<li>Dejanja, ki se jih bomo poslu\u017eili pri izpolnjevanju pogodbenih obveznosti, ne \u0161tejejo kot na\u0161a odobritev pogodbenih ali splo\u0161nih pogojev, ki odstopajo od na\u0161ih Splo\u0161nih pogojev.<\/li>\n<li>Ti Splo\u0161ni pogoji veljajo kot okvirni sporazum za vse poznej\u0161e pravne posle med strankama pogodbe.<\/li>\n<li><strong>Splo\u0161ni pogoji poslovanja spletne trgovine <a class=\"m_-4474257620444397668moz-txt-link-abbreviated\" href=\"http:\/\/www.5labs.si\/\" target=\"_blank\" rel=\"noopener\" data-saferedirecturl=\"https:\/\/www.google.com\/url?hl=en&amp;q=http:\/\/www.5labs.si&amp;source=gmail&amp;ust=1515504998216000&amp;usg=AFQjCNFkGx7ivapsPEQcQgQdNb68hnO0_g\">www.5labs.si<\/a>\u00a0so sestavljeni skladno z Zakonom o varstvu potro\u0161nikov (ZVPot-UPB2, Uradni list RS, \u0161t. 98\/04). Pridr\u017eujemo si pravico do spremembe pogojev.<\/strong><\/li>\n<\/ul>\n<\/div>\n<div class=\"m_-4474257620444397668std\">\n<h2>Cene<\/h2>\n<p>Vse cene so izra\u017eene v EUR.<br \/>\nAkcijske ponudbe veljajo do razprodaje zalog.<br \/>\nAkcije in posebne ponudbe se izklju\u010dujejo, razen \u010de je navedeno druga\u010de.<br \/>\nProdajalec si pridr\u017euje pravico do spremembe cen brez predhodnega obvestila.<\/p>\n<h2>Cenik dostave<\/h2>\n<p>Cena za neomejeno \u0161tevilo artiklov po vsej Sloveniji zna\u0161a 10,00\u20ac.<\/p>\n<p>Pri prevzemu odkupne po\u0161iljke Po\u0161ta Slovenije zara\u010duna provizijo za prenos kupnine po njihovem veljavnem ceniku.<\/p>\n<h2>Trajanja dostave &#8211; 5-8 delovnih dni<\/h2>\n<p>Trajanje dostave je odvisno od na\u010dina pla\u010dila.<\/p>\n<ul>\n<li>\u010de je pla\u010dilo po povzetju: Se naro\u010deno blago odpremi najkasneje v petih (5 &#8211; 8) delovnih dneh.<\/li>\n<li>\u010de je pla\u010dilo oz. nakazilo na teko\u010di ra\u010dun podjetja: Se naro\u010deno blago odpremi najkasneje v petih (5 &#8211; 8) delovnih dneh po prejemu pla\u010dila oz. nakazila na teko\u010di ra\u010dun podjetja. Razen \u010de nam po\u0161ljete potrdilo o pla\u010dilu na\u00a0<a class=\"m_-4474257620444397668moz-txt-link-abbreviated\" href=\"mailto:info@5labs.si\" target=\"_blank\" rel=\"noopener\">info@5labs.si<\/a>\u00a0 se naro\u010deno blago odpremi najkasneje v petih (5 &#8211; 8) delovnih dneh ob prejemu potrdila.<\/li>\n<\/ul>\n<h2>Mo\u017enosti pla\u010dila<\/h2>\n<ul>\n<li style=\"list-style-type: none;\">\n<ul>\n<li>po povzetju<\/li>\n<li>pla\u010dilo s kartico (Bremenitev denarja na kartici bo \u0161ele po poslanem naro\u010dilu.)<\/li>\n<li>nakazilo preko spletne banke<\/li>\n<li>preko pla\u010dilnega obrazca UPN (na banki ali po\u0161ti)<\/li>\n<\/ul>\n<\/li>\n<\/ul>\n<p><strong>Opozorilo: Pomembno je da pri nakazilu pripi\u0161ete \u0161e va\u0161e ime in priimek, ki ste ga registrirali na na\u0161i spletni strani, da bomo lahko hitreje odpremili blago.<\/strong><\/p>\n<h2>Na\u0161i podatki za nakazilo<\/h2>\n<p>IBAN: SI56 0245 0026 2410 548<br \/>\nBANKA: NLB d.d.<br \/>\nNaziv : 5Labs D.O.O., Legen 112, 2380 Slovenj Gradec<br \/>\nNamen pla\u010dila: navedite svoje ime in priimek ali naziv firme<br \/>\nreferenca: SI99<\/p>\n<h2>Vra\u010dilo blaga<\/h2>\n<p>OPIS PRAVICE DO ODSTOPA OD POGODBE:<\/p>\n<p>Pri pogodbah, sklenjenih na daljavo, ima potro\u0161nik pravico, da v \u0161tirinajstih dneh podjetju sporo\u010di, da odstopa od pogodbe, ne da bi mu bilo treba navesti razlog za svojo odlo\u010ditev. \u0160teje se, da je sporo\u010dilo pravo\u010dasno, \u010de je po\u0161iljka oddana v roku.\u00a0<b>Edini stro\u0161ek, ki bremeni potro\u0161nika v zvezi z odstopom od pogodbe, je neposreden stro\u0161ek vra\u010dila blaga.\u00a0<\/b>(Potro\u0161nik vrne blago na svoje stro\u0161ke, paketov z odkupnino podjetje ne prevzema).<\/p>\n<p>\u010ce potro\u0161nik odstopi od pogodbe, mu bo na\u0161e podjetje vrnilo vsa opravljena pla\u010dila takoj, ko je to mogo\u010de, najkasneje pa v 14-ih dneh po prejemu sporo\u010dila o odstopu od pogodbe.<\/p>\n<p>\u010ce je kupec blago \u017ee prejel in odstopi od pogodbe, ga vrne ali izro\u010di podjetju ali osebi, ki jo podjetje pooblasti za prevzem blaga, nemudoma oziroma najpozneje v 14 dneh po obvestilu o odstopu od pogodbe. \u0160teje se, da kupec pravo\u010dasno vrne blago, \u010de ga po\u0161lje pred iztekom 14 dnevnega roka za vra\u010dilo.<\/p>\n<p>Kupec odgovarja za zmanj\u0161anje vrednosti blaga, \u010de je zmanj\u0161anje vrednosti posledica ravnanja, ki ni nujno potrebno za ugotovitev narave, lastnosti in delovanja blaga. Prejeto blago mora vrniti nepo\u0161kodovano in v nespremenjeni koli\u010dini, razen \u010de je blago uni\u010deno, pokvarjeno, izgubljeno ali se je njegova koli\u010dina zmanj\u0161ala, ne da bi bil za to kriv potro\u0161nik.<\/p>\n<p>Ponudnik lahko zadr\u017ei vra\u010dilo prejetih pla\u010dil do prevzema vrnjenega blaga ali dokler kupec ne predlo\u017ei dokazila, da je blago poslal nazaj, razen \u010de podjetje ponudi mo\u017enost, da samo prevzame vrnjeno blago.<\/p>\n<p>KUPEC NIMA PRAVICE DO ODSTOPA OD POGODBE, KI GA DOLO\u010cA 43. \u010dlen ZVPot :<\/p>\n<p>Razen \u010de sta se pogodbeni stranki dogovorili druga\u010de, potro\u0161nik nima pravice do odstopa od pogodbe iz prvega odstavka tega \u010dlena pri teh pogodbah:<\/p>\n<p>1. o blagu ali storitvah, katerih cena je odvisna od nihanj na trgih, na katera podjetje nima vpliva in ki lahko nastopijo v roku odstopa od pogodbe;<\/p>\n<p>2. o blagu, ki je izdelano po natan\u010dnih navodilih potro\u0161nika in prilagojeno njegovim osebnim potrebam;<\/p>\n<p>3. o blagu, ki je hitro pokvarljivo ali mu hitro prete\u010de rok uporabe;<\/p>\n<p>4. o opravljanju storitev, \u010de podjetje pogodbo v celoti izpolni ter se je opravljanje storitve za\u010delo na podlagi potro\u0161nikovega izrecnega predhodnega soglasja in s privolitvijo, da izgubi pravico do odstopa od pogodbe, ko jo podjetje v celoti izpolni;<\/p>\n<p>5. o dobavi zape\u010datenih avdio- ali videoposnetkov in ra\u010dunalni\u0161kih programov, \u010de je potro\u0161nik po dostavi odprl varnostni pe\u010dat;<\/p>\n<p>6. o dobavi \u010dasopisov, periodi\u010dnega tiska ali revij razen pri naro\u010dni\u0161kih pogodbah za dobavo takih publikacij;<\/p>\n<p>7. o dobavi zape\u010datenega blaga, ki ni primerno za vra\u010dilo zaradi varovanja zdravja ali higienskih vzrokov, \u010de je potro\u0161nik po dostavi odprl pe\u010dat;<\/p>\n<p>8. o dobavi blaga, ki je zaradi svoje narave nelo\u010dljivo pome\u0161ano z drugimi predmeti;<\/p>\n<p>9. o dobavi alkoholnih pija\u010d, katerih cena je dogovorjena ob sklenitvi prodajne pogodbe in ki se lahko dostavijo po 30 dneh, njihova dejanska vrednost pa je odvisna od nihanj na trgu, na katera podjetje nima vpliva;<\/p>\n<p>10. sklenjenih na javnih dra\u017ebah;<\/p>\n<p>11. pri katerih je potro\u0161nik izrecno zahteval obisk podjetja na domu zaradi izvedbe nujnega popravila ali vzdr\u017eevanja. \u010ce podjetje pri takem obisku opravi \u0161e dodatne storitve, ki jih potro\u0161nik ni izrecno zahteval, ali dostavi blago, ki ne predstavlja nadomestnih delov, nujno potrebnih za vzdr\u017eevanje ali popravilo, ima potro\u0161nik za navedene dodatne storitve in blago pravico do odstopa od pogodbe;<\/p>\n<p>12. o nastanitvi, ki ni namenjena stalnemu bivanju, prevozu blaga, najemu vozil, pripravi in dostavi hrane, ali storitvah za prosti \u010das, pri katerih se podjetje zave\u017ee, da bo izpolnilo svojo obveznost ob to\u010dno dolo\u010denem datumu ali v to\u010dno dolo\u010denem roku;<\/p>\n<p>13. o dobavi digitalne vsebine, ki se ne dostavi na otipljivem nosilcu podatkov, \u010de se je opravljanje storitve za\u010delo na podlagi potro\u0161nikovega izrecnega predhodnega soglasja in s privolitvijo, da s tem izgubi pravico do odstopa od pogodbe.\u00ab.<\/p>\n<p><strong>Vrnjeno blago po\u0161ljite na na\u0161 naslov:<\/strong><br \/>\n5Labs d.o.o.<\/p>\n<p>Legen 112<\/p>\n<p>2380 Slovenj Gradec<\/p>\n<p>Razlog za vra\u010dilo blaga nam napi\u0161ite na elektronski naslov\u00a0<a class=\"m_-4474257620444397668moz-txt-link-abbreviated\" href=\"mailto:info@5labs.si\" target=\"_blank\" rel=\"noopener\">info@5labs.si.<\/a><\/p>\n<h2>STVARNA NAPAKA<\/h2>\n<p>Kupec lahko zahteva takoj\u0161njo zamenjavo za enak, brezhiben izdelek ali pa v zakonsko dolo\u010denem roku in pod pogoji za uveljavljanje reklamacije iz naslova stvarne napake.<\/p>\n<p>(1) Prodajalec mora potro\u0161niku izro\u010diti blago v skladu s pogodbo in odgovarja za stvarne in pravne napake svoje izpolnitve.<\/p>\n<p>(2) Napaka je stvarna: 1. \u010de stvar nima lastnosti, ki so potrebne za njeno normalno rabo ali za promet; 2. \u010de stvar nima lastnosti, ki so potrebne za posebno rabo, za katero jo kupec kupuje, ki pa je bila prodajalcu znana oziroma bi mu morala biti znana; 3. \u010de stvar nima lastnosti in odlik, ki so bile izrecno ali mol\u010de dogovorjene oziroma predpisane; 4. \u010de je prodajalec izro\u010dil stvar, ki se ne ujema z vzorcem ali modelom, razen \u010de je bil vzorec ali model pokazan le zaradi obvestila.<\/p>\n<p>(3) Primernost blaga za normalno rabo se presoja glede na obi\u010dajno blago enake vrste in ob upo\u0161tevanju kakr\u0161nihkoli prodajal\u010devih izjav o zna\u010dilnostih blaga, ki jih je dal prodajalec ali proizvajalec zlasti z ogla\u0161evanjem, predstavitvijo izdelka ali navedbami na blagu samem.<\/p>\n<p>(4) Za odgovornost za stvarne in pravne napake se uporabljajo dolo\u010dbe zakona, ki ureja obligacijska razmerja, \u010de ta zakon ne dolo\u010da druga\u010de. 37.a \u010dlen (1) Potro\u0161nik lahko uveljavlja svoje pravice iz naslova stvarne napake, \u010de o napaki obvesti prodajalca v roku dveh mesecev od dneva, ko je bila napaka odkrita. (2) Potro\u0161nik mora v obvestilu o napaki natan\u010dneje opisati napako in prodajalcu omogo\u010diti, da stvar pregleda. (3) Obvestilo o napaki lahko potro\u0161nik prodajalcu sporo\u010di osebno, o \u010demer mu prodajalec mora izdati potrdilo, ali ga po\u0161lje v prodajalno, kjer je bila stvar kupljena, ali pa zastopniku prodajalca, s katerim je sklenil pogodbo. 37.b \u010dlen (1) Prodajalec ne odgovarja za stvarne napake na blagu, ki se poka\u017eejo potem, ko mineta dve leti, odkar je bila stvar izro\u010dena. (2) \u010ce je predmet pogodbe med prodajalcem in potro\u0161nikom rabljena stvar, ne odgovarja prodajalec za stvarne napake na blagu, ki se poka\u017eejo potem, ko mine leto dni, odkar je bila stvar izro\u010dena. (3) \u0160teje se, da je napaka na stvari obstajala \u017ee v \u010dasu izro\u010ditve, \u010de se pojavi v roku \u0161est mesecev od izro\u010ditve. 37.c \u010dlen (1) Potro\u0161nik, ki je pravilno obvestil prodajalca o napaki, ima pravico od prodajalca zahtevati, da: \u2013 odpravi napako na blagu ali \u2013 vrne del pla\u010danega zneska v sorazmerju z napako ali \u2013 blago z napako zamenja z novim brezhibnim blagom ali \u2013 vrne pla\u010dani znesek. (2) V vsakem primeru ima potro\u0161nik tudi pravico, da od prodajalca zahteva povrnitev \u0161kode, zlasti pa povra\u010dilo stro\u0161kov materiala, nadomestnih delov, dela, prenosa in prevoza izdelkov, ki nastanejo zaradi izpolnitve obveznosti iz prej\u0161njega odstavka tega \u010dlena. (3) Pravice potro\u0161nika iz prvega odstavka ugasnejo s potekom dveh let od dneva, ko je o stvarni napaki obvestil prodajalca.<\/p>\n<h2>Naro\u010dilo<\/h2>\n<p>Naro\u010dilo je v elektronski obliki shranjeno na stre\u017eniku ponudnika in kupcu dosegljivo na sede\u017eu podjetja. Kupec ob nakupu potrjuje, da je v celoti seznanjen s splo\u0161nimi pogoji poslovanja spletne trgovine\u00a0<a class=\"m_-4474257620444397668moz-txt-link-abbreviated\" href=\"http:\/\/www.5labs.si\/\" target=\"_blank\" rel=\"noopener\" data-saferedirecturl=\"https:\/\/www.google.com\/url?hl=en&amp;q=http:\/\/www.5labs.si&amp;source=gmail&amp;ust=1515504998217000&amp;usg=AFQjCNHicGC7dDPdTcFSg3hGXFhSbcAsyw\">www.5labs.si<\/a>\u00a0in da se z njimi strinja. Pridr\u017eujemo si pravico do sprememb in napak v cenah ter napisanem besedilu. Za morebitne napake se vam vnaprej opravi\u010dujemo. Glede morebitnih sporov se obe strani zavzemata za sporazumno re\u0161evanje sporov.<\/p>\n<h2>Komunikacija<\/h2>\n<p>Podjetje 5Labs d.o.o. bo s kupcem stopil v stik preko sredstev komunikacij na daljavo v skladu z dolo\u010dili ZEKom-1. Podjetje 5Labs d.o.o. lahko uporablja elektronski naslov kupca za tr\u017eenje, \u010de od kupca svojih izdelkov ali storitev pridobi njegov elektronski naslov za elektronsko po\u0161to, pod pogojem, da kupcu ponuja jasno in izrecno mo\u017enost, da brezpla\u010dno in enostavno zavrne tak\u0161no uporabo svojega elektronskega naslova takrat, ko so ti podatki za stike pridobljeni in ob vsakem sporo\u010dilu v primeru, da kupec ni zavrnil tak\u0161ne uporabe \u017ee na za\u010detku.<\/p>\n<p>Podjetje 5Labs d.o.o. ne priznava nobenega izvajalca IRPS, kot pristojnega za re\u0161evanje potro\u0161ni\u0161kega spora, ki ga potro\u0161nik lahko spro\u017ei v skladu s tem zakonom (32. \u010dlen ZIsRPS).<\/p>\n<h2>Prito\u017ebe in spori<\/h2>\n<p>Ponudnik 5Labs d.o.o. spo\u0161tuje veljavne predpise s podro\u010dja varstva potro\u0161nikov in ima vzpostavljen u\u010dinkovit sistem obravnavanja prito\u017eb ter ima dolo\u010deno osebo, s katero se v primeru te\u017eav kupec lahko pove\u017ee telefonsko ali po elektronski po\u0161ti. Kupec se v primeru te\u017eav lahko po pomo\u010d obrne na tel. \u0161t.: +386 (0)40 935 515. Prito\u017ebo lahko kupec odda na elektronski po\u0161tni naslov <a class=\"m_-4474257620444397668moz-txt-link-abbreviated\" href=\"mailto:info@5labs.si\" target=\"_blank\" rel=\"noopener\">info@5labs.si<\/a>\u00a0. Postopek obravnave prito\u017ebe je zaupen.<\/p>\n<p>Ponudnik bo v petih delovnih dneh potrdil, da je prejel prito\u017ebo in v nadaljnjih osmih dneh obvestil kupca o poteku postopka. Ponudnik si bo prizadeval po svojih najbolj\u0161ih mo\u010deh morebitne spore re\u0161iti sporazumno. \u010ce sporazumna re\u0161itev spora ne bo dose\u017eena, je za re\u0161evanje vseh sporov med ponudnikom in kupcem izklju\u010dno pristojno sodi\u0161\u010de v Slovenj Gradcu.<\/p>\n<p>Podjetje 5Labs D.O.O. ne priznava izvensodnega re\u0161evanja sporov.<\/p>\n<p>Za vsa razmerja ter za pravice in obveznosti, ki niso urejene s temi Splo\u0161nimi pogoji poslovanja, se smiselno uporabljajo dolo\u010dila Obligacijskega zakonika, Zakona o elektronskem poslovanju na trgu, Zakona o varstvu osebnih podatkov in Zakona o varstvu potro\u0161nikov.<\/p>\n<h2>Oddaja naro\u010dila<\/h2>\n<p>Pri artiklu izberite velikost. \u017deleno velikost dajte v ko\u0161arico. Stisnite na ko\u0161arico in odprl se vam bo predogled naro\u010dila. Stisnite NA BLAGAJNO. Odprlo se vam bo polje ZAKLJU\u010cEK NARO\u010cILA. V tem polju vnesete vse potrebne podatke. \u010ce kaj ne vnesete pravilno, se vam bo polje obarvalo z rde\u010do barvo. Pred oddajo naro\u010dila preverite vse podatke, ki jih vidite na ekranu. Na ekranu boste lahko videli vse va\u0161e osebne podatke in znesek naro\u010dila ter vsebino naro\u010dila. Ko boste preverili, kliknite gumb ODDAJ NARO\u010cILO. S tem je pogodba sklenjena.<\/p>\n<p>\u010ce \u017eelite pred zaklju\u010dkom naro\u010dila spremeniti koli\u010dino artiklov, pri 5. to\u010dki PREGLED NARO\u010cILA stisnite na +, \u010de \u017eelite koli\u010dino pove\u010dati ali na -, \u010de \u017eelite koli\u010dino zmanj\u0161ati. \u010ce \u017eelite artikel odstraniti iz naro\u010dila, pojdite nazaj na ko\u0161arico, in stisnite X zraven artikla.<\/p>\n<h2>Odgovornost za storitve<\/h2>\n<ul>\n<li>Zagotavljamo kakovost opravljenega dela. Za name\u0161\u010dene nadomestne dele velja garancijski rok proizvajalca.<\/li>\n<li>Zagotavljamo to\u010dnost meritev, opravljenih z merilno opremo in zado\u0161\u010denje naslednjim pogojem:\n<ul>\n<li>okoljski pogoji znotraj omejitev, ki jih predpisuje izdelovalec merilne opreme (temperatura, vibracije, \u010disto\u010da),<\/li>\n<li>zagotovitev sledljivosti merilne opreme,<\/li>\n<li>merilna oprema ni bila preobremenjena (trk),<\/li>\n<li>meritve se izvajajo strokovno in v skladu s predpisi.<\/li>\n<\/ul>\n<\/li>\n<li>Ne odgovarjamo za merilne pogre\u0161ke merilne opreme, ki so posledica nepravilne rabe.<\/li>\n<li>Ne odgovarjamo za napa\u010dne meritve, ki so posledica napak programske opreme.<\/li>\n<li>Po vsakem servisnem postopku bomo pripravili poro\u010dilo, ki ga mora naro\u010dnik potrditi s svojim podpisom. Poro\u010dilo velja kot dokaz o uspe\u0161no opravljeni servisni storitvi.<\/li>\n<li>Po izvedeni kalibraciji izdamo certifikat o kalibraciji. V primeru, da certifikat o kalibraciji vsebuje izjavo o skladnosti s specifikacijo (standardi, specifikacija proizvajalca ali uporabnika), pri pravilu odlo\u010danja ni upo\u0161tevana merilna negotovost. Ob naro\u010dilu se stranka strinja z na\u0161im pravilom odlo\u010danja, \u010de na naro\u010dilnici ni navedeno, da se merilna negotovost upo\u0161teva.<\/li>\n<\/ul>\n<h2>Osebni podatki (Uredba o varstvu podatkov)<\/h2>\n<p>Osebni podatki se uporabljajo izklju\u010dno za obdelavo posameznega naro\u010dila ter niso uporabljeni<br \/>\nza druge namene. Uporabnik lahko po izvedbi naro\u010dila svoje podatke tudi popravi ali izbri\u0161e v<br \/>\nsklopu \u201cMoj ra\u010dun\u201d.<\/p>\n<p>Za ve\u010d informacij o GDPR odpri:\u00a0<a href=\"http:\/\/eur-lex.europa.eu\/legal-content\/SL\/TXT\/?uri=uriserv:OJ.L_.2016.119.01.0001.01.SLV\" target=\"_blank\" rel=\"noopener\">eur-lex.europa.eu<\/a>\u00a0|\u00a0<a href=\"https:\/\/www.ip-rs.si\/zakonodaja\/reforma-evropskega-zakonodajnega-okvira-za-varstvo-osebnih-podatkov\/\" target=\"_blank\" rel=\"noopener\">ip-rs.si<\/a><\/p>\n<\/div>\n<\/div>\n\t\t<\/div><\/div><\/div><\/div>","protected":false},"excerpt":{"rendered":"<p>Obseg veljavnosti splo\u0161nih pogojev dru\u017ebe 5Labs d.o.o. Ti splo\u0161ni pogoji prodaje in dobave blaga in storitev dru\u017ebe 5Labs d.o.o. (v nadaljevanju &#8220;Splo\u0161ni pogoji&#8221;) opredeljujejo postopke dru\u017ebe 5Labs d.o.o. za prodajo in dobavo merilnih opreme (merilni stroji in naprave), zagotavljanje storitev (kot so kalibracija, servisiranje, usposabljanje) ter za sorodna vpra\u0161anja in zadeve. Razen, \u010de se izrecno [&hellip;]<\/p>\n","protected":false},"author":1,"featured_media":0,"parent":0,"menu_order":0,"comment_status":"closed","ping_status":"closed","template":"","meta":[],"_links":{"self":[{"href":"http:\/\/5labs.vigred.eu\/index.php?rest_route=\/wp\/v2\/pages\/1009"}],"collection":[{"href":"http:\/\/5labs.vigred.eu\/index.php?rest_route=\/wp\/v2\/pages"}],"about":[{"href":"http:\/\/5labs.vigred.eu\/index.php?rest_route=\/wp\/v2\/types\/page"}],"author":[{"embeddable":true,"href":"http:\/\/5labs.vigred.eu\/index.php?rest_route=\/wp\/v2\/users\/1"}],"replies":[{"embeddable":true,"href":"http:\/\/5labs.vigred.eu\/index.php?rest_route=%2Fwp%2Fv2%2Fcomments&post=1009"}],"version-history":[{"count":16,"href":"http:\/\/5labs.vigred.eu\/index.php?rest_route=\/wp\/v2\/pages\/1009\/revisions"}],"predecessor-version":[{"id":4470,"href":"http:\/\/5labs.vigred.eu\/index.php?rest_route=\/wp\/v2\/pages\/1009\/revisions\/4470"}],"wp:attachment":[{"href":"http:\/\/5labs.vigred.eu\/index.php?rest_route=%2Fwp%2Fv2%2Fmedia&parent=1009"}],"curies":[{"name":"wp","href":"https:\/\/api.w.org\/{rel}","templated":true}]}}