{"id":3288,"date":"2023-08-30T15:18:10","date_gmt":"2023-08-30T15:18:10","guid":{"rendered":"http:\/\/5labs.vigred.eu\/?page_id=3288"},"modified":"2024-09-10T17:51:24","modified_gmt":"2024-09-10T17:51:24","slug":"sistem-kakovosti","status":"publish","type":"page","link":"http:\/\/5labs.vigred.eu\/?page_id=3288","title":{"rendered":"Sistem kakovosti"},"content":{"rendered":"\n<p class=\"has-text-align-left has-black-color has-text-color\">5Labs d.o.o. je akreditiran pri Slovenski akreditaciji s \u0161tevilko LK-034 na podro\u010dju kalibriranja (SIST EN ISO\/IEC 17025).<\/p>\n\n\n<div class=\"wp-block-image\">\n<figure class=\"aligncenter size-full is-resized\"><img decoding=\"async\" loading=\"lazy\" src=\"http:\/\/5labs.vigred.eu\/wp-content\/uploads\/2024\/02\/LK-034.jpg\" alt=\"\" class=\"wp-image-3426\" width=\"529\" height=\"728\" srcset=\"http:\/\/5labs.vigred.eu\/wp-content\/uploads\/2024\/02\/LK-034.jpg 671w, http:\/\/5labs.vigred.eu\/wp-content\/uploads\/2024\/02\/LK-034-218x300.jpg 218w, http:\/\/5labs.vigred.eu\/wp-content\/uploads\/2024\/02\/LK-034-630x867.jpg 630w, http:\/\/5labs.vigred.eu\/wp-content\/uploads\/2024\/02\/LK-034-600x825.jpg 600w\" sizes=\"(max-width: 529px) 100vw, 529px\" \/><\/figure><\/div>\n\n\n<p class=\"has-text-align-center\"><a href=\"http:\/\/www.5labs.si\/ul2\/documents\/1cea4-Priloga-LK-034-2023.PDF\" data-type=\"URL\" data-id=\"http:\/\/www.5labs.si\/ul2\/documents\/1cea4-Priloga-LK-034-2023.PDF\">Priloga k akreditacijski listini LK-034<\/a><\/p>\n\n\n\n<p><\/p>\n\n\n\n<h4 class=\"has-medium-font-size\">Cilji laboratorija<\/h4>\n\n\n\n<p>Politika kakovosti labratorija temelji na naslednjih ciljih:<\/p>\n\n\n\n<ol>\n<li>Izpolnjevanje zahtev standarda SIST EN ISO\/IEC 17025:2017 in dodatnih zahtev akreditacijske slu\u017ebe (Slovenska akreditacija) zapisanih v njihovih dokumentih.<\/li>\n\n\n\n<li>Zadovoljitev zahtev, pridobitev zaupanja in zadovoljstva naro\u010dnika z visoko kakovostnimi kalibracijami, ki so v skladu s kalibracijskimi postopki, primernim obsegom in merilno negotovostjo.<\/li>\n\n\n\n<li>Operiranje z dokumentiranim sistemom vodenja kakovosti, ki izpolnjuje zahteve SIST EN ISO\/IEC 17025:2017 in konstantno dopolnjevanje sistema kakovosti s kontinuiranim nadzorom in pregledi, popolnim nadzorom nad dokumentacijo in zapisi.<\/li>\n\n\n\n<li>Konstantna izbolj\u0161ava najbolj\u0161e merilne sposobnosti z razvijanjem in vpeljavo novih postopkov ter merilne opreme in vzdr\u017eevanjem sledljivosti uporabljenih referen\u010dnih etalonov na najvi\u0161jo mednarodno raven.<\/li>\n\n\n\n<li>Ustanovitev trdne skupine sodelavcev v laboratoriju, ki je zavezana dobri profesionalni praksi v metrologiji z ob\u010dutkom za natan\u010dnost ter doslednost, ki stalno sodeluje v operacijah sistema kakovosti in skrbi za konstantno bolj\u0161e storitve naro\u010dnikom in sloves laboratorija.<\/li>\n\n\n\n<li>Sodelovanje z akreditacijsko slu\u017ebo in sodelovanje na medlaboratorijskih primerjavah.<\/li>\n\n\n\n<li>Zagotovitev osebju delovno okolje, ki spodbuja strokovnost, skupinsko delo, kreativnost, iniciative in ob\u010dutek odgovornosti ter vzdr\u017eevanje trdnega, po\u0161tenega in prijateljskega odnosa med osebjem laboratorija.<\/li>\n\n\n\n<li>Zagotovitev stalnega tehni\u010dnega in kakovostnega usposabljanja za osebje, saj se tako izbolj\u0161uje kakovost storitev v laboratoriju.<\/li>\n<\/ol>\n","protected":false},"excerpt":{"rendered":"<p>5Labs d.o.o. je akreditiran pri Slovenski akreditaciji s \u0161tevilko LK-034 na podro\u010dju kalibriranja (SIST EN ISO\/IEC 17025). Priloga k akreditacijski listini LK-034 Cilji laboratorija Politika kakovosti labratorija temelji na naslednjih ciljih:<\/p>\n","protected":false},"author":1,"featured_media":0,"parent":0,"menu_order":0,"comment_status":"closed","ping_status":"closed","template":"","meta":[],"_links":{"self":[{"href":"http:\/\/5labs.vigred.eu\/index.php?rest_route=\/wp\/v2\/pages\/3288"}],"collection":[{"href":"http:\/\/5labs.vigred.eu\/index.php?rest_route=\/wp\/v2\/pages"}],"about":[{"href":"http:\/\/5labs.vigred.eu\/index.php?rest_route=\/wp\/v2\/types\/page"}],"author":[{"embeddable":true,"href":"http:\/\/5labs.vigred.eu\/index.php?rest_route=\/wp\/v2\/users\/1"}],"replies":[{"embeddable":true,"href":"http:\/\/5labs.vigred.eu\/index.php?rest_route=%2Fwp%2Fv2%2Fcomments&post=3288"}],"version-history":[{"count":11,"href":"http:\/\/5labs.vigred.eu\/index.php?rest_route=\/wp\/v2\/pages\/3288\/revisions"}],"predecessor-version":[{"id":4443,"href":"http:\/\/5labs.vigred.eu\/index.php?rest_route=\/wp\/v2\/pages\/3288\/revisions\/4443"}],"wp:attachment":[{"href":"http:\/\/5labs.vigred.eu\/index.php?rest_route=%2Fwp%2Fv2%2Fmedia&parent=3288"}],"curies":[{"name":"wp","href":"https:\/\/api.w.org\/{rel}","templated":true}]}}