{"id":1858,"date":"2021-01-27T09:10:25","date_gmt":"2021-01-27T09:10:25","guid":{"rendered":"http:\/\/5labs.si\/shop\/?post_type=product&#038;p=1858"},"modified":"2021-05-28T07:07:48","modified_gmt":"2021-05-28T07:07:48","slug":"vpenjalni-set-3d-100-delni","status":"publish","type":"product","link":"http:\/\/5labs.vigred.eu\/?product=vpenjalni-set-3d-100-delni","title":{"rendered":"Vpenjalni set 3D 100 delni"},"content":{"rendered":"<p>100 delni Set za 3D meritve \u00a0je izdelan z osnovno plo\u0161\u010do iz eloksiranega aluminija dimenzij 450 x 450 x 20, aluminijasti\u00a0so tudi vpenjalni nosilci, ostali\u00a0elementi so iz nerjavnega jekla.<\/p>\n<p>Prednost na\u0161ega sistema je predvsem prilagodljivost, saj s to\u010dko podpore lahko hitro in enostavno dose\u017eemo vsak del 3D prostora, ob uporabi relativno majhnega\u00a0 \u0161tevila vpenjalnih elementov, tako da nam merjene pozicije na merjencu ostajajo vidne. Vpenjamo lahko pod poljubnimi koti in na razli\u010dnih vi\u0161inah, sestavljanje elementov je hitro in enostavno.<\/p>\n<p>Prikaz vsebine celotnega seta si lahko ogledate na tej povezavi:\u00a0<a href=\"http:\/\/www.5labs.si\/ul2\/documents\/4a79e-3D-FIXING-SET-5labs-1.pdf\" target=\"_blank\" rel=\"noopener\">Sestava 100-delnega seta za 3D meritve<\/a><\/p>\n","protected":false},"excerpt":{"rendered":"<p>100 delni Set za 3D meritve \u00a0je izdelan z osnovno plo\u0161\u010do iz eloksiranega aluminija dimenzij 450 x 450 x 20, aluminijasti\u00a0so tudi vpenjalni nosilci, ostali\u00a0elementi so iz nerjavnega jekla. Prednost na\u0161ega sistema je predvsem prilagodljivost, saj s to\u010dko podpore lahko hitro in enostavno dose\u017eemo vsak del 3D prostora, ob uporabi relativno majhnega\u00a0 \u0161tevila vpenjalnih elementov, [&hellip;]<\/p>\n","protected":false},"featured_media":1861,"template":"","meta":[],"product_cat":[60],"product_tag":[],"_links":{"self":[{"href":"http:\/\/5labs.vigred.eu\/index.php?rest_route=\/wp\/v2\/product\/1858"}],"collection":[{"href":"http:\/\/5labs.vigred.eu\/index.php?rest_route=\/wp\/v2\/product"}],"about":[{"href":"http:\/\/5labs.vigred.eu\/index.php?rest_route=\/wp\/v2\/types\/product"}],"wp:featuredmedia":[{"embeddable":true,"href":"http:\/\/5labs.vigred.eu\/index.php?rest_route=\/wp\/v2\/media\/1861"}],"wp:attachment":[{"href":"http:\/\/5labs.vigred.eu\/index.php?rest_route=%2Fwp%2Fv2%2Fmedia&parent=1858"}],"wp:term":[{"taxonomy":"product_cat","embeddable":true,"href":"http:\/\/5labs.vigred.eu\/index.php?rest_route=%2Fwp%2Fv2%2Fproduct_cat&post=1858"},{"taxonomy":"product_tag","embeddable":true,"href":"http:\/\/5labs.vigred.eu\/index.php?rest_route=%2Fwp%2Fv2%2Fproduct_tag&post=1858"}],"curies":[{"name":"wp","href":"https:\/\/api.w.org\/{rel}","templated":true}]}}