{"id":1894,"date":"2021-03-12T13:20:36","date_gmt":"2021-03-12T13:20:36","guid":{"rendered":"http:\/\/5labs.si\/shop\/?post_type=product&#038;p=1894"},"modified":"2021-03-12T13:20:36","modified_gmt":"2021-03-12T13:20:36","slug":"vodilna-pusa-90-stopinj-rsf-nastavljiva","status":"publish","type":"product","link":"http:\/\/5labs.vigred.eu\/?product=vodilna-pusa-90-stopinj-rsf-nastavljiva","title":{"rendered":"Vodilna pu\u0161a 90 stopinj RSF Nastavljiva"},"content":{"rendered":"","protected":false},"excerpt":{"rendered":"<p>Vodilna pu\u0161a za poljubno izbiranje smeri in vi\u0161ine podpore.<\/p>\n","protected":false},"featured_media":1895,"template":"","meta":[],"product_cat":[60],"product_tag":[],"_links":{"self":[{"href":"http:\/\/5labs.vigred.eu\/index.php?rest_route=\/wp\/v2\/product\/1894"}],"collection":[{"href":"http:\/\/5labs.vigred.eu\/index.php?rest_route=\/wp\/v2\/product"}],"about":[{"href":"http:\/\/5labs.vigred.eu\/index.php?rest_route=\/wp\/v2\/types\/product"}],"wp:featuredmedia":[{"embeddable":true,"href":"http:\/\/5labs.vigred.eu\/index.php?rest_route=\/wp\/v2\/media\/1895"}],"wp:attachment":[{"href":"http:\/\/5labs.vigred.eu\/index.php?rest_route=%2Fwp%2Fv2%2Fmedia&parent=1894"}],"wp:term":[{"taxonomy":"product_cat","embeddable":true,"href":"http:\/\/5labs.vigred.eu\/index.php?rest_route=%2Fwp%2Fv2%2Fproduct_cat&post=1894"},{"taxonomy":"product_tag","embeddable":true,"href":"http:\/\/5labs.vigred.eu\/index.php?rest_route=%2Fwp%2Fv2%2Fproduct_tag&post=1894"}],"curies":[{"name":"wp","href":"https:\/\/api.w.org\/{rel}","templated":true}]}}