{"id":1896,"date":"2021-03-12T13:24:56","date_gmt":"2021-03-12T13:24:56","guid":{"rendered":"http:\/\/5labs.si\/shop\/?post_type=product&#038;p=1896"},"modified":"2021-03-12T13:24:56","modified_gmt":"2021-03-12T13:24:56","slug":"nosilni-stebricek-mali-fi-6-m5-l50-rsf","status":"publish","type":"product","link":"http:\/\/5labs.vigred.eu\/?product=nosilni-stebricek-mali-fi-6-m5-l50-rsf","title":{"rendered":"Nosilni stebri\u010dek mali FI 6 M5 L50 RSF"},"content":{"rendered":"","protected":false},"excerpt":{"rendered":"<p>Stebri\u010dek FI 6 mm , z navojem M5, dol\u017eine 50 mm<\/p>\n","protected":false},"featured_media":1897,"template":"","meta":[],"product_cat":[60],"product_tag":[],"_links":{"self":[{"href":"http:\/\/5labs.vigred.eu\/index.php?rest_route=\/wp\/v2\/product\/1896"}],"collection":[{"href":"http:\/\/5labs.vigred.eu\/index.php?rest_route=\/wp\/v2\/product"}],"about":[{"href":"http:\/\/5labs.vigred.eu\/index.php?rest_route=\/wp\/v2\/types\/product"}],"wp:featuredmedia":[{"embeddable":true,"href":"http:\/\/5labs.vigred.eu\/index.php?rest_route=\/wp\/v2\/media\/1897"}],"wp:attachment":[{"href":"http:\/\/5labs.vigred.eu\/index.php?rest_route=%2Fwp%2Fv2%2Fmedia&parent=1896"}],"wp:term":[{"taxonomy":"product_cat","embeddable":true,"href":"http:\/\/5labs.vigred.eu\/index.php?rest_route=%2Fwp%2Fv2%2Fproduct_cat&post=1896"},{"taxonomy":"product_tag","embeddable":true,"href":"http:\/\/5labs.vigred.eu\/index.php?rest_route=%2Fwp%2Fv2%2Fproduct_tag&post=1896"}],"curies":[{"name":"wp","href":"https:\/\/api.w.org\/{rel}","templated":true}]}}