{"id":1900,"date":"2021-03-12T13:31:19","date_gmt":"2021-03-12T13:31:19","guid":{"rendered":"http:\/\/5labs.si\/shop\/?post_type=product&#038;p=1900"},"modified":"2021-03-12T13:33:54","modified_gmt":"2021-03-12T13:33:54","slug":"nosilni-stebricek-veliki-fi-12-m8-l100-rsf","status":"publish","type":"product","link":"http:\/\/5labs.vigred.eu\/?product=nosilni-stebricek-veliki-fi-12-m8-l100-rsf","title":{"rendered":"Nosilni stebri\u010dek veliki FI 12 M8 L100 RSF"},"content":{"rendered":"","protected":false},"excerpt":{"rendered":"<p>Stebri\u010dek FI 12 mm , z navojem M8, dol\u017eine 100 mm. Vrh z navojno luknjo M5.<\/p>\n","protected":false},"featured_media":1901,"template":"","meta":[],"product_cat":[60],"product_tag":[],"_links":{"self":[{"href":"http:\/\/5labs.vigred.eu\/index.php?rest_route=\/wp\/v2\/product\/1900"}],"collection":[{"href":"http:\/\/5labs.vigred.eu\/index.php?rest_route=\/wp\/v2\/product"}],"about":[{"href":"http:\/\/5labs.vigred.eu\/index.php?rest_route=\/wp\/v2\/types\/product"}],"wp:featuredmedia":[{"embeddable":true,"href":"http:\/\/5labs.vigred.eu\/index.php?rest_route=\/wp\/v2\/media\/1901"}],"wp:attachment":[{"href":"http:\/\/5labs.vigred.eu\/index.php?rest_route=%2Fwp%2Fv2%2Fmedia&parent=1900"}],"wp:term":[{"taxonomy":"product_cat","embeddable":true,"href":"http:\/\/5labs.vigred.eu\/index.php?rest_route=%2Fwp%2Fv2%2Fproduct_cat&post=1900"},{"taxonomy":"product_tag","embeddable":true,"href":"http:\/\/5labs.vigred.eu\/index.php?rest_route=%2Fwp%2Fv2%2Fproduct_tag&post=1900"}],"curies":[{"name":"wp","href":"https:\/\/api.w.org\/{rel}","templated":true}]}}