{"id":1922,"date":"2021-03-12T15:42:24","date_gmt":"2021-03-12T15:42:24","guid":{"rendered":"http:\/\/5labs.si\/shop\/?post_type=product&#038;p=1922"},"modified":"2021-03-12T15:42:24","modified_gmt":"2021-03-12T15:42:24","slug":"podporni-vijak-m8","status":"publish","type":"product","link":"http:\/\/5labs.vigred.eu\/?product=podporni-vijak-m8","title":{"rendered":"Podporni vijak M8"},"content":{"rendered":"","protected":false},"excerpt":{"rendered":"<p>Podporni vijak M8, skupaj z distan\u010dnikom FI 20 in matico M8 tvori podporni stebri\u010dek, ki je zvezno nastavljiv po vi\u0161ini.<\/p>\n","protected":false},"featured_media":1923,"template":"","meta":[],"product_cat":[60],"product_tag":[],"_links":{"self":[{"href":"http:\/\/5labs.vigred.eu\/index.php?rest_route=\/wp\/v2\/product\/1922"}],"collection":[{"href":"http:\/\/5labs.vigred.eu\/index.php?rest_route=\/wp\/v2\/product"}],"about":[{"href":"http:\/\/5labs.vigred.eu\/index.php?rest_route=\/wp\/v2\/types\/product"}],"wp:featuredmedia":[{"embeddable":true,"href":"http:\/\/5labs.vigred.eu\/index.php?rest_route=\/wp\/v2\/media\/1923"}],"wp:attachment":[{"href":"http:\/\/5labs.vigred.eu\/index.php?rest_route=%2Fwp%2Fv2%2Fmedia&parent=1922"}],"wp:term":[{"taxonomy":"product_cat","embeddable":true,"href":"http:\/\/5labs.vigred.eu\/index.php?rest_route=%2Fwp%2Fv2%2Fproduct_cat&post=1922"},{"taxonomy":"product_tag","embeddable":true,"href":"http:\/\/5labs.vigred.eu\/index.php?rest_route=%2Fwp%2Fv2%2Fproduct_tag&post=1922"}],"curies":[{"name":"wp","href":"https:\/\/api.w.org\/{rel}","templated":true}]}}