{"id":1940,"date":"2021-03-12T16:17:25","date_gmt":"2021-03-12T16:17:25","guid":{"rendered":"http:\/\/5labs.si\/shop\/?post_type=product&#038;p=1940"},"modified":"2021-03-12T16:27:10","modified_gmt":"2021-03-12T16:27:10","slug":"kotnik-alu-200x250","status":"publish","type":"product","link":"http:\/\/5labs.vigred.eu\/?product=kotnik-alu-200x250","title":{"rendered":"Kotnik ALU 200&#215;250"},"content":{"rendered":"","protected":false},"excerpt":{"rendered":"<p>ALU kotnik 200\u00d7250 je izdelan tako,\u00a0da se s pomo\u010djo magnetne sile nanj ponovljivo prilagaja plo\u0161\u010da plexi s pozicijskimi izvrtinami M5, za merjenje na opti\u010dni merilni napravi.<\/p>\n<p>V ceno je vklju\u010den samo ALU kotnik !<\/p>\n<p>&nbsp;<\/p>\n<p>&nbsp;<\/p>\n","protected":false},"featured_media":1941,"template":"","meta":[],"product_cat":[60],"product_tag":[],"_links":{"self":[{"href":"http:\/\/5labs.vigred.eu\/index.php?rest_route=\/wp\/v2\/product\/1940"}],"collection":[{"href":"http:\/\/5labs.vigred.eu\/index.php?rest_route=\/wp\/v2\/product"}],"about":[{"href":"http:\/\/5labs.vigred.eu\/index.php?rest_route=\/wp\/v2\/types\/product"}],"wp:featuredmedia":[{"embeddable":true,"href":"http:\/\/5labs.vigred.eu\/index.php?rest_route=\/wp\/v2\/media\/1941"}],"wp:attachment":[{"href":"http:\/\/5labs.vigred.eu\/index.php?rest_route=%2Fwp%2Fv2%2Fmedia&parent=1940"}],"wp:term":[{"taxonomy":"product_cat","embeddable":true,"href":"http:\/\/5labs.vigred.eu\/index.php?rest_route=%2Fwp%2Fv2%2Fproduct_cat&post=1940"},{"taxonomy":"product_tag","embeddable":true,"href":"http:\/\/5labs.vigred.eu\/index.php?rest_route=%2Fwp%2Fv2%2Fproduct_tag&post=1940"}],"curies":[{"name":"wp","href":"https:\/\/api.w.org\/{rel}","templated":true}]}}