{"id":1942,"date":"2021-03-12T16:20:38","date_gmt":"2021-03-12T16:20:38","guid":{"rendered":"http:\/\/5labs.si\/shop\/?post_type=product&#038;p=1942"},"modified":"2021-03-12T16:26:46","modified_gmt":"2021-03-12T16:26:46","slug":"vodilo-plexi-l62x17","status":"publish","type":"product","link":"http:\/\/5labs.vigred.eu\/?product=vodilo-plexi-l62x17","title":{"rendered":"Vodilo plexi L62x17"},"content":{"rendered":"","protected":false},"excerpt":{"rendered":"<p>Vodilo plexi je prilagojeno plo\u0161\u010di plexi, z njim dose\u017eemo vse pozicije na merilni ploskvi opti\u010dnega merilnega sistema.<\/p>\n","protected":false},"featured_media":1943,"template":"","meta":[],"product_cat":[60],"product_tag":[],"_links":{"self":[{"href":"http:\/\/5labs.vigred.eu\/index.php?rest_route=\/wp\/v2\/product\/1942"}],"collection":[{"href":"http:\/\/5labs.vigred.eu\/index.php?rest_route=\/wp\/v2\/product"}],"about":[{"href":"http:\/\/5labs.vigred.eu\/index.php?rest_route=\/wp\/v2\/types\/product"}],"wp:featuredmedia":[{"embeddable":true,"href":"http:\/\/5labs.vigred.eu\/index.php?rest_route=\/wp\/v2\/media\/1943"}],"wp:attachment":[{"href":"http:\/\/5labs.vigred.eu\/index.php?rest_route=%2Fwp%2Fv2%2Fmedia&parent=1942"}],"wp:term":[{"taxonomy":"product_cat","embeddable":true,"href":"http:\/\/5labs.vigred.eu\/index.php?rest_route=%2Fwp%2Fv2%2Fproduct_cat&post=1942"},{"taxonomy":"product_tag","embeddable":true,"href":"http:\/\/5labs.vigred.eu\/index.php?rest_route=%2Fwp%2Fv2%2Fproduct_tag&post=1942"}],"curies":[{"name":"wp","href":"https:\/\/api.w.org\/{rel}","templated":true}]}}