{"id":1944,"date":"2021-03-12T16:25:37","date_gmt":"2021-03-12T16:25:37","guid":{"rendered":"http:\/\/5labs.si\/shop\/?post_type=product&#038;p=1944"},"modified":"2021-03-12T16:30:32","modified_gmt":"2021-03-12T16:30:32","slug":"osnovna-plosca-al-450x450x20-m8","status":"publish","type":"product","link":"http:\/\/5labs.vigred.eu\/?product=osnovna-plosca-al-450x450x20-m8","title":{"rendered":"Osnovna plo\u0161\u010da ALU 450x450x20 M8"},"content":{"rendered":"","protected":false},"excerpt":{"rendered":"<p>Osnovna plo\u0161\u010da ALU, dimenzij 450x450x20, ki jo lahko pritrdimo na merilni stroj 3D, ali pa slu\u017ei kot podlaga za namensko vpenjalno pripravo v kontrolnem ali monta\u017enem procesu.<\/p>\n","protected":false},"featured_media":1945,"template":"","meta":[],"product_cat":[60],"product_tag":[],"_links":{"self":[{"href":"http:\/\/5labs.vigred.eu\/index.php?rest_route=\/wp\/v2\/product\/1944"}],"collection":[{"href":"http:\/\/5labs.vigred.eu\/index.php?rest_route=\/wp\/v2\/product"}],"about":[{"href":"http:\/\/5labs.vigred.eu\/index.php?rest_route=\/wp\/v2\/types\/product"}],"wp:featuredmedia":[{"embeddable":true,"href":"http:\/\/5labs.vigred.eu\/index.php?rest_route=\/wp\/v2\/media\/1945"}],"wp:attachment":[{"href":"http:\/\/5labs.vigred.eu\/index.php?rest_route=%2Fwp%2Fv2%2Fmedia&parent=1944"}],"wp:term":[{"taxonomy":"product_cat","embeddable":true,"href":"http:\/\/5labs.vigred.eu\/index.php?rest_route=%2Fwp%2Fv2%2Fproduct_cat&post=1944"},{"taxonomy":"product_tag","embeddable":true,"href":"http:\/\/5labs.vigred.eu\/index.php?rest_route=%2Fwp%2Fv2%2Fproduct_tag&post=1944"}],"curies":[{"name":"wp","href":"https:\/\/api.w.org\/{rel}","templated":true}]}}