{"id":4318,"date":"2024-07-26T09:03:19","date_gmt":"2024-07-26T09:03:19","guid":{"rendered":"http:\/\/5labs.vigred.eu\/?post_type=product&#038;p=4318"},"modified":"2024-07-26T09:04:46","modified_gmt":"2024-07-26T09:04:46","slug":"three-point-internal-micrometers-2","status":"publish","type":"product","link":"http:\/\/5labs.vigred.eu\/?product=three-point-internal-micrometers-2","title":{"rendered":"Three-point internal micrometers"},"content":{"rendered":"<p>Three-point internal micrometers, with a manufacturer measuring report, for accurately measuring (blind) bores.<\/p>\n<ul>\n<li>Measuring range: \u00d8 6 &#8211; 300 mm.<\/li>\n<li>Analog.<\/li>\n<li>Graduation: 0,001 mm (\u00d8 6 &#8211; 12 mm), 0,005 mm (\u00d8 12 &#8211; 300 mm)<\/li>\n<li>Self-centering.<\/li>\n<li>Tungsten carbide measuring faces (measuring range \u00d8 6 &#8211; 12 mm: hardened steel).<\/li>\n<li>Separate instruments within measuring range \u00d8 6 &#8211; 100 mm and the sets are delivered incl. setting ring(s) and extension.<\/li>\n<li>Setting rings are conform to factory standard.<\/li>\n<li>To \u00d8 100 mm: implementation for blind bores. From \u00d8 100 mm: implementation for trough holes or blind bores.<\/li>\n<li>Delivery in an aluminum case (\u00d8 6 &#8211; 40 mm) or an aluminum carrying case (\u00d8 40 &#8211; 300 mm and sets) with a manufacturer measuring report.<\/li>\n<\/ul>\n<p>&nbsp;<\/p>\n","protected":false},"excerpt":{"rendered":"<p>Three-point internal micrometers, with a manufacturer measuring report, for accurately measuring (blind) bores. Measuring range: \u00d8 6 &#8211; 300 mm. Analog. Graduation: 0,001 mm (\u00d8 6 &#8211; 12 mm), 0,005 mm (\u00d8 12 &#8211; 300 mm) Self-centering. Tungsten carbide measuring faces (measuring range \u00d8 6 &#8211; 12 mm: hardened steel). Separate instruments within measuring range [&hellip;]<\/p>\n","protected":false},"featured_media":0,"template":"","meta":[],"product_cat":[53],"product_tag":[],"_links":{"self":[{"href":"http:\/\/5labs.vigred.eu\/index.php?rest_route=\/wp\/v2\/product\/4318"}],"collection":[{"href":"http:\/\/5labs.vigred.eu\/index.php?rest_route=\/wp\/v2\/product"}],"about":[{"href":"http:\/\/5labs.vigred.eu\/index.php?rest_route=\/wp\/v2\/types\/product"}],"wp:attachment":[{"href":"http:\/\/5labs.vigred.eu\/index.php?rest_route=%2Fwp%2Fv2%2Fmedia&parent=4318"}],"wp:term":[{"taxonomy":"product_cat","embeddable":true,"href":"http:\/\/5labs.vigred.eu\/index.php?rest_route=%2Fwp%2Fv2%2Fproduct_cat&post=4318"},{"taxonomy":"product_tag","embeddable":true,"href":"http:\/\/5labs.vigred.eu\/index.php?rest_route=%2Fwp%2Fv2%2Fproduct_tag&post=4318"}],"curies":[{"name":"wp","href":"https:\/\/api.w.org\/{rel}","templated":true}]}}