{"id":4379,"date":"2024-07-26T10:28:59","date_gmt":"2024-07-26T10:28:59","guid":{"rendered":"http:\/\/5labs.vigred.eu\/?post_type=product&#038;p=4379"},"modified":"2024-07-26T11:27:30","modified_gmt":"2024-07-26T11:27:30","slug":"three-point-internal-micrometers-4","status":"publish","type":"product","link":"http:\/\/5labs.vigred.eu\/?product=three-point-internal-micrometers-4","title":{"rendered":"Three-point internal micrometers"},"content":{"rendered":"<p>Three-point internal micrometers for accurately measuring (blind) bores.<\/p>\n<ul>\n<li>Measuring range: \u00d8 6 &#8211; 300 mm.<\/li>\n<li>Graduation: 0,001mm (\u00d8 6 &#8211; 12 mm), 0,005 mm (\u00d8 12 &#8211; 300 mm and sets) with extension 150 mm (\u00d8 6 &#8211; 12 mm: 1oo mm).<\/li>\n<li>Self-centering.<\/li>\n<li>Tungsten carbide measuring faces.<\/li>\n<li>Interchangeable measuring bolts from measuring range \u00d8 150 &#8211; 175 mm.<\/li>\n<li>Delivery in an aluminum case (\u00d8 6 &#8211; 40 mm) or an aluminum carrying case (\u00d8 40 &#8211; 300 mm and sets) with extension 150 mm (\u00d8 6 &#8211; 12 mm: 100 mm).<\/li>\n<li>Separate instruments within measuring range \u00d8 6 &#8211; 100 mm and the sets are delivered incl. setting ring(s).<\/li>\n<li>Setting rings are conform to factory standard.<\/li>\n<\/ul>\n","protected":false},"excerpt":{"rendered":"<p>Three-point internal micrometers for accurately measuring (blind) bores. Measuring range: \u00d8 6 &#8211; 300 mm. Graduation: 0,001mm (\u00d8 6 &#8211; 12 mm), 0,005 mm (\u00d8 12 &#8211; 300 mm and sets) with extension 150 mm (\u00d8 6 &#8211; 12 mm: 1oo mm). Self-centering. Tungsten carbide measuring faces. Interchangeable measuring bolts from measuring range \u00d8 150 [&hellip;]<\/p>\n","protected":false},"featured_media":4440,"template":"","meta":[],"product_cat":[141],"product_tag":[],"_links":{"self":[{"href":"http:\/\/5labs.vigred.eu\/index.php?rest_route=\/wp\/v2\/product\/4379"}],"collection":[{"href":"http:\/\/5labs.vigred.eu\/index.php?rest_route=\/wp\/v2\/product"}],"about":[{"href":"http:\/\/5labs.vigred.eu\/index.php?rest_route=\/wp\/v2\/types\/product"}],"wp:featuredmedia":[{"embeddable":true,"href":"http:\/\/5labs.vigred.eu\/index.php?rest_route=\/wp\/v2\/media\/4440"}],"wp:attachment":[{"href":"http:\/\/5labs.vigred.eu\/index.php?rest_route=%2Fwp%2Fv2%2Fmedia&parent=4379"}],"wp:term":[{"taxonomy":"product_cat","embeddable":true,"href":"http:\/\/5labs.vigred.eu\/index.php?rest_route=%2Fwp%2Fv2%2Fproduct_cat&post=4379"},{"taxonomy":"product_tag","embeddable":true,"href":"http:\/\/5labs.vigred.eu\/index.php?rest_route=%2Fwp%2Fv2%2Fproduct_tag&post=4379"}],"curies":[{"name":"wp","href":"https:\/\/api.w.org\/{rel}","templated":true}]}}