{"id":4402,"date":"2024-07-26T10:52:56","date_gmt":"2024-07-26T10:52:56","guid":{"rendered":"http:\/\/5labs.vigred.eu\/?post_type=product&#038;p=4402"},"modified":"2024-07-26T10:52:57","modified_gmt":"2024-07-26T10:52:57","slug":"digital-three-point-internal-micrometers-ip65","status":"publish","type":"product","link":"http:\/\/5labs.vigred.eu\/?product=digital-three-point-internal-micrometers-ip65","title":{"rendered":"Digital three-point internal micrometers IP65"},"content":{"rendered":"<p>Digital three-point internal micrometers with a resolution of 0,001 mm for accurately measuring (blind) bores. There micrometers have several functions, and combined with the accurate read-out this results in a favourable price-performance ratio.<\/p>\n<ul>\n<li>Measuring range: \u00d8 6 &#8211; 300 mm<\/li>\n<li>Resolution: 0,001 mm.<\/li>\n<li>mm\/inch conversion.<\/li>\n<li>ABS\/INC switchable.<\/li>\n<li>On\/off switch.<\/li>\n<li>Automatic switch-off.<\/li>\n<li>Reset\/preset.<\/li>\n<li>Self-centering.<\/li>\n<li>Tungsten carbide measuring faces.<\/li>\n<li>Complete measuring range without changing the measuring bolts.<\/li>\n<li>protection: IP65.<\/li>\n<li>Delivery in an aluminum case (\u00d8 6 &#8211; 40 mm) or an aluminum carrying case (\u00d8 40 &#8211; 300 mm and sets) with extension 150 mm (\u00d8 6 &#8211; 12 mm: 100 mm).<\/li>\n<li>Separate instruments within measuring range \u00d8 6 &#8211; 100 mm and the sets are delivered incl. setting ring(s) (conforms to factory standard).<\/li>\n<li>Power supply: 1 battery type V357.<\/li>\n<\/ul>\n","protected":false},"excerpt":{"rendered":"<p>Digital three-point internal micrometers with a resolution of 0,001 mm for accurately measuring (blind) bores. There micrometers have several functions, and combined with the accurate read-out this results in a favourable price-performance ratio. Measuring range: \u00d8 6 &#8211; 300 mm Resolution: 0,001 mm. mm\/inch conversion. ABS\/INC switchable. On\/off switch. Automatic switch-off. Reset\/preset. Self-centering. Tungsten carbide [&hellip;]<\/p>\n","protected":false},"featured_media":0,"template":"","meta":[],"product_cat":[53],"product_tag":[],"_links":{"self":[{"href":"http:\/\/5labs.vigred.eu\/index.php?rest_route=\/wp\/v2\/product\/4402"}],"collection":[{"href":"http:\/\/5labs.vigred.eu\/index.php?rest_route=\/wp\/v2\/product"}],"about":[{"href":"http:\/\/5labs.vigred.eu\/index.php?rest_route=\/wp\/v2\/types\/product"}],"wp:attachment":[{"href":"http:\/\/5labs.vigred.eu\/index.php?rest_route=%2Fwp%2Fv2%2Fmedia&parent=4402"}],"wp:term":[{"taxonomy":"product_cat","embeddable":true,"href":"http:\/\/5labs.vigred.eu\/index.php?rest_route=%2Fwp%2Fv2%2Fproduct_cat&post=4402"},{"taxonomy":"product_tag","embeddable":true,"href":"http:\/\/5labs.vigred.eu\/index.php?rest_route=%2Fwp%2Fv2%2Fproduct_tag&post=4402"}],"curies":[{"name":"wp","href":"https:\/\/api.w.org\/{rel}","templated":true}]}}